{"id":2817,"date":"2023-01-31T14:17:01","date_gmt":"2023-01-31T14:17:01","guid":{"rendered":"https:\/\/imagerie.estnotremeilleurclient.fr\/politique-des-cookies\/"},"modified":"2023-09-04T09:03:24","modified_gmt":"2023-09-04T09:03:24","slug":"politique-des-cookies","status":"publish","type":"page","link":"https:\/\/interventional-imaging.lumibirdmedical.com\/fr\/politique-des-cookies\/","title":{"rendered":"Politique des cookies"},"content":{"rendered":"\t\t<div data-elementor-type=\"wp-page\" data-elementor-id=\"2817\" class=\"elementor elementor-2817 elementor-2\" data-elementor-post-type=\"page\">\n\t\t\t\t\t\t<section class=\"elementor-section elementor-top-section elementor-element elementor-element-e3fd47f elementor-section-boxed elementor-section-height-default elementor-section-height-default\" data-id=\"e3fd47f\" data-element_type=\"section\" data-e-type=\"section\" data-settings=\"{&quot;jet_parallax_layout_list&quot;:[]}\">\n\t\t\t\t\t\t<div class=\"elementor-container elementor-column-gap-default\">\n\t\t\t\t\t<div class=\"elementor-column elementor-col-100 elementor-top-column elementor-element elementor-element-dce4ddc\" data-id=\"dce4ddc\" data-element_type=\"column\" data-e-type=\"column\">\n\t\t\t<div class=\"elementor-widget-wrap elementor-element-populated\">\n\t\t\t\t\t\t<div class=\"elementor-element elementor-element-dd6477c elementor-widget elementor-widget-breadcrumbs\" data-id=\"dd6477c\" data-element_type=\"widget\" data-e-type=\"widget\" data-widget_type=\"breadcrumbs.default\">\n\t\t\t\t<div class=\"elementor-widget-container\">\n\t\t\t\t\t<nav aria-label=\"breadcrumbs\" class=\"rank-math-breadcrumb\"><p><span class=\"last\">Imagerie Interventionnelle<\/span><\/p><\/nav>\t\t\t\t<\/div>\n\t\t\t\t<\/div>\n\t\t\t\t<div class=\"elementor-element elementor-element-a7fd0f4 elementor-widget elementor-widget-heading\" data-id=\"a7fd0f4\" data-element_type=\"widget\" data-e-type=\"widget\" data-widget_type=\"heading.default\">\n\t\t\t\t<div class=\"elementor-widget-container\">\n\t\t\t\t\t<h2 class=\"elementor-heading-title elementor-size-default\">Politique des cookies<\/h2>\t\t\t\t<\/div>\n\t\t\t\t<\/div>\n\t\t\t\t\t<\/div>\n\t\t<\/div>\n\t\t\t\t\t<\/div>\n\t\t<\/section>\n\t\t\t\t<section class=\"elementor-section elementor-top-section elementor-element elementor-element-faa604a elementor-section-boxed elementor-section-height-default elementor-section-height-default\" data-id=\"faa604a\" data-element_type=\"section\" data-e-type=\"section\" data-settings=\"{&quot;jet_parallax_layout_list&quot;:[]}\">\n\t\t\t\t\t\t<div class=\"elementor-container elementor-column-gap-default\">\n\t\t\t\t\t<div class=\"elementor-column elementor-col-100 elementor-top-column elementor-element elementor-element-9c3200a\" data-id=\"9c3200a\" data-element_type=\"column\" data-e-type=\"column\">\n\t\t\t<div class=\"elementor-widget-wrap elementor-element-populated\">\n\t\t\t\t\t\t<div class=\"elementor-element elementor-element-0fd700d elementor-widget elementor-widget-text-editor\" data-id=\"0fd700d\" data-element_type=\"widget\" data-e-type=\"widget\" data-widget_type=\"text-editor.default\">\n\t\t\t\t<div class=\"elementor-widget-container\">\n\t\t\t\t\t\t\t\t\t<p class=\"rtecenter\"><strong>Certaines fonctionnalit\u00e9s de ce site reposent sur l\u2019usage de cookies.<\/strong><\/p>\n<p class=\"rtecenter\">Le bandeau cookies ne s\u2019affiche pas sur la page d\u2019accueil lors de votre navigation car seuls des cookies n\u00e9cessaires au fonctionnement du site sont d\u00e9pos\u00e9s (vous pouvez cependant vous y opposer en cliquant sur la case ci-dessous).<\/p>\n\t\t\t\t\t\t\t\t<\/div>\n\t\t\t\t<\/div>\n\t\t\t\t<div class=\"elementor-element elementor-element-484f4db elementor-widget-divider--separator-type-pattern elementor-widget-divider--view-line elementor-widget elementor-widget-divider\" data-id=\"484f4db\" data-element_type=\"widget\" data-e-type=\"widget\" data-widget_type=\"divider.default\">\n\t\t\t\t<div class=\"elementor-widget-container\">\n\t\t\t\t\t\t\t<div class=\"elementor-divider\" style=\"--divider-pattern-url: url(&quot;data:image\/svg+xml,%3Csvg xmlns=&#039;http:\/\/www.w3.org\/2000\/svg&#039; preserveAspectRatio=&#039;none&#039; overflow=&#039;visible&#039; height=&#039;100%&#039; viewBox=&#039;0 0 20 16&#039; fill=&#039;none&#039; stroke=&#039;black&#039; stroke-width=&#039;1&#039; stroke-linecap=&#039;square&#039; stroke-miterlimit=&#039;10&#039;%3E%3Cg transform=&#039;translate(-12.000000, 0)&#039;%3E%3Cpath d=&#039;M28,0L10,18&#039;\/%3E%3Cpath d=&#039;M18,0L0,18&#039;\/%3E%3Cpath d=&#039;M48,0L30,18&#039;\/%3E%3Cpath d=&#039;M38,0L20,18&#039;\/%3E%3C\/g%3E%3C\/svg%3E&quot;);\">\n\t\t\t<span class=\"elementor-divider-separator\">\n\t\t\t\t\t\t<\/span>\n\t\t<\/div>\n\t\t\t\t\t\t<\/div>\n\t\t\t\t<\/div>\n\t\t\t\t<div class=\"elementor-element elementor-element-7ada1a7 elementor-widget elementor-widget-html\" data-id=\"7ada1a7\" data-element_type=\"widget\" data-e-type=\"widget\" data-widget_type=\"html.default\">\n\t\t\t\t<div class=\"elementor-widget-container\">\n\t\t\t\t\t<div id=\"matomo-opt-out\"><\/div>\r\n<script src=\"https:\/\/analytics.lumibird-medical.com\/index.php?module=CoreAdminHome&action=optOutJS&divId=matomo-opt-out&language=auto&backgroundColor=5372d0&fontColor=ffffff&fontSize=15px&fontFamily=fira sans&showIntro=1\"><\/script>\t\t\t\t<\/div>\n\t\t\t\t<\/div>\n\t\t\t\t<div class=\"elementor-element elementor-element-98d69b5 elementor-widget-divider--separator-type-pattern elementor-widget-divider--view-line elementor-widget elementor-widget-divider\" data-id=\"98d69b5\" data-element_type=\"widget\" data-e-type=\"widget\" data-widget_type=\"divider.default\">\n\t\t\t\t<div class=\"elementor-widget-container\">\n\t\t\t\t\t\t\t<div class=\"elementor-divider\" style=\"--divider-pattern-url: url(&quot;data:image\/svg+xml,%3Csvg xmlns=&#039;http:\/\/www.w3.org\/2000\/svg&#039; preserveAspectRatio=&#039;none&#039; overflow=&#039;visible&#039; height=&#039;100%&#039; viewBox=&#039;0 0 20 16&#039; fill=&#039;none&#039; stroke=&#039;black&#039; stroke-width=&#039;1&#039; stroke-linecap=&#039;square&#039; stroke-miterlimit=&#039;10&#039;%3E%3Cg transform=&#039;translate(-12.000000, 0)&#039;%3E%3Cpath d=&#039;M28,0L10,18&#039;\/%3E%3Cpath d=&#039;M18,0L0,18&#039;\/%3E%3Cpath d=&#039;M48,0L30,18&#039;\/%3E%3Cpath d=&#039;M38,0L20,18&#039;\/%3E%3C\/g%3E%3C\/svg%3E&quot;);\">\n\t\t\t<span class=\"elementor-divider-separator\">\n\t\t\t\t\t\t<\/span>\n\t\t<\/div>\n\t\t\t\t\t\t<\/div>\n\t\t\t\t<\/div>\n\t\t\t\t<div class=\"elementor-element elementor-element-1fa5c1f elementor-widget elementor-widget-text-editor\" data-id=\"1fa5c1f\" data-element_type=\"widget\" data-e-type=\"widget\" data-widget_type=\"text-editor.default\">\n\t\t\t\t<div class=\"elementor-widget-container\">\n\t\t\t\t\t\t\t\t\t<div class=\"elementor-element elementor-element-19ba0012 elementor-widget elementor-widget-heading\" data-id=\"19ba0012\" data-element_type=\"widget\" data-widget_type=\"heading.default\">\r\n<div class=\"elementor-widget-container\">\r\n<h2>AVANT PROPOS<\/h2>\r\n<\/div>\r\n<\/div>\r\nLa pr\u00e9sente politique des cookies est applicable d\u00e8s lors que vous consultez notre site Internet. LUMIBIRD MEDICAL a adopt\u00e9 cette politique des cookies dans le but de :\r\n<ul>\r\n \t<li>Vous pr\u00e9sentez les cookies pouvant \u00eatre pr\u00e9sents sur notre site internet<\/li>\r\n \t<li>Vous listez les diff\u00e9rents types de cookies<\/li>\r\n \t<li>Vous d\u00e9taillez leur fonctionnement et leur utilit\u00e9<\/li>\r\n \t<li>Vous expliquez comment param\u00e9trer vos choix en fonction de votre navigateur internet<\/li>\r\n<\/ul>\r\n<div class=\"elementor-element elementor-element-3bdfaf65 elementor-widget elementor-widget-heading\" data-id=\"3bdfaf65\" data-element_type=\"widget\" data-widget_type=\"heading.default\">\r\n<div class=\"elementor-widget-container\">\r\n<h2>QU&rsquo;EST-CE QU&rsquo;UN COOKIE ?<\/h2>\r\n<\/div>\r\n<\/div>\r\n<div class=\"elementor-element elementor-element-2fdc98d1 elementor-widget elementor-widget-text-editor\" data-id=\"2fdc98d1\" data-element_type=\"widget\" data-widget_type=\"text-editor.default\">\r\n<div class=\"elementor-widget-container\">\r\n\r\nUn cookie est un fichier texte enregistr\u00e9 automatiquement dans votre navigateur et sur votre disque dure par un site web lors de votre visite. Il permet \u00e0 votre ordinateur de stocker diff\u00e9rentes donn\u00e9es techniques comme le nombre de visites, la fr\u00e9quence d\u2019exposition \u00e0 une banni\u00e8re publicitaire, la connexion \u00e0 d\u2019autres sites. Il permet aussi de personnaliser vos prochaines connexions en m\u00e9morisant vos informations de connexions, vos pr\u00e9f\u00e9rences, etc.\r\n\r\n<\/div>\r\n<\/div>\r\n<div class=\"elementor-element elementor-element-4464720d elementor-widget elementor-widget-heading\" data-id=\"4464720d\" data-element_type=\"widget\" data-widget_type=\"heading.default\">\r\n<div class=\"elementor-widget-container\">\r\n<h2>QUELS TYPES DE COOKIES UTILISONS-NOUS ?<\/h2>\r\n<\/div>\r\n<\/div>\r\nLUMIBIRD MEDICAL a recens\u00e9 1 cat\u00e9gorie de cookies d\u00e9crit ci-apr\u00e8s dont les finalit\u00e9s vont d\u00e9pendre de la nature des cookies. Il s\u2019agit des cookies dont nous avons connaissance. Nous vous informons, que l\u2019\u00e9mission et l\u2019utilisation de cookies par des tiers sont soumises \u00e0 leur propre politique de donn\u00e9es personnelles. Par cons\u00e9quent, si vous d\u00e9sirez en savoir plus sur l\u2019utilisation de vos donn\u00e9es personnelles par ces tiers, nous vous invitons \u00e0 vous rendre directement sur leur site internet.\r\n<ul>\r\n \t<li>Session cookies<\/li>\r\n<\/ul>\r\n<div class=\"elementor-element elementor-element-12719674 elementor-widget elementor-widget-heading\" data-id=\"12719674\" data-element_type=\"widget\" data-widget_type=\"heading.default\">\r\n<div class=\"elementor-widget-container\">\r\n<h2>POURQUOI UTILISONS-NOUS DES COOKIES ?<\/h2>\r\n<\/div>\r\n<\/div>\r\n<h4><b><u>Les cookies strictement n\u00e9cessaires<\/u><\/b><\/h4>\r\nCes cookies facilitent votre navigation entre les pages de notre site et sont n\u00e9cessaires pour vous permettre de b\u00e9n\u00e9ficier de certaines fonctionnalit\u00e9s comme la cr\u00e9ation de votre compte utilisateur et de s\u00e9curiser votre connexion lorsque vous souhaitez acc\u00e9der \u00e0 des pages qui vous sont r\u00e9serv\u00e9es. Ces cookies expirent lorsque vous fermez votre navigateur internet.\r\n\r\nCes cookies sont exclusivement d\u00e9pos\u00e9s par LUMIBIRD MEDICAL.\r\n\r\nVous trouverez ci-dessous un tableau d\u00e9taillant : le nom du cookie, son utilit\u00e9 ainsi que sa dur\u00e9e de vie.\r\n<table border=\"1\" cellspacing=\"1\" cellpadding=\"1\">\r\n<tbody>\r\n<tr>\r\n<td><i>Cookies<\/i><\/td>\r\n<td><i>Utilit\u00e9<\/i><\/td>\r\n<td><i>Conservation<\/i><\/td>\r\n<\/tr>\r\n<tr>\r\n<td>\r\n<div class=\"O0\">cookielawinfo<\/div><\/td>\r\n<td>\r\n<div class=\"O0\">Stocke le statut de consentement des cookies de l\u2019utilisateur.<\/div><\/td>\r\n<td>\r\n<div class=\"O0\">1 an<\/div><\/td>\r\n<\/tr>\r\n<tr>\r\n<td>\r\n<div class=\"O0\">wm-wpml_current_language<\/div><\/td>\r\n<td>\r\n<div class=\"O0\">Dirige l\u2019utilisateur de ce site web directement vers le contenu multilingue appropri\u00e9 en fonction de la langue du navigateur.<\/div><\/td>\r\n<td>\r\n<div class=\"O0\">1 jour<\/div><\/td>\r\n<\/tr>\r\n<\/tbody>\r\n<\/table>\r\n<div class=\"elementor-element elementor-element-75797275 elementor-widget elementor-widget-heading\" data-id=\"75797275\" data-element_type=\"widget\" data-widget_type=\"heading.default\">\r\n<div class=\"elementor-widget-container\">\r\n<h2>COMMENT LES GERER ?<\/h2>\r\n<\/div>\r\n<\/div>\r\nNous vous mettons \u00e0 disposition tous les moyens n\u00e9cessaires pour g\u00e9rer votre consentement en mati\u00e8re de cookies. Ainsi nous vous offrons deux possibilit\u00e9s :\r\n\r\n<u><b>Modification gr\u00e2ce la plateforme de gestion des cookies YourOnlineChoices<\/b><\/u>\r\n\r\nCette plateforme, commun\u00e9ment appel\u00e9e YourOnlineChoices est d\u00e9di\u00e9e \u00e0 la publicit\u00e9 sur internet et \u00e0 la protection de la vie priv\u00e9e sur internet.\r\n\r\nGr\u00e2ce \u00e0 cette plateforme de l\u2019Union Europ\u00e9enne vous avez la possibilit\u00e9 de d\u00e9sactiv\u00e9e \u00e0 tout moment les cookies de performance-analytique, des r\u00e9seaux sociaux et de publicit\u00e9s.\r\n\r\nCette plateforme liste toutes les soci\u00e9t\u00e9s qui collectent et utilisent vos informations personnelles pour vous proposer de la publicit\u00e9 bas\u00e9e sur vos centres d\u2019int\u00e9r\u00eats li\u00e9e \u00e0 votre navigation.\r\n\r\n&nbsp;\r\n\r\nYourOnlineChoices vous offre la possibilit\u00e9 de reprendre le contr\u00f4le sur vos donn\u00e9es personnelles en d\u00e9finissant vos pr\u00e9f\u00e9rences en termes de publicit\u00e9 comportementale.\r\n\r\nPour ce faire, veuillez cliquer sur le lien hypertexte suivant :\u00a0<a href=\"https:\/\/www.youronlinechoices.com\/fr\/controler-ses-cookies\/\" target=\"_blank\" rel=\"noopener\">YourOnlineChoice<\/a>.\r\n\r\n<b><u>Modification gr\u00e2ce au param\u00e9trage de votre navigateur<\/u><\/b>\r\n\r\nLa plupart des navigateurs (Google Chrome, Internet Explorer, Firefox et Op\u00e9ra ) acceptent les cookies par d\u00e9faut. Cependant, vous pouvez d\u00e9cider de bloquer ces cookies ou demander \u00e0 votre navigateur de vous avertir lorsqu\u2019un site tente de d\u00e9poser un cookie sur votre appareil.\r\n\r\nPour changer la gestion des cookies de votre navigateur, vous pouvez modifier les r\u00e9glages dans l\u2019onglet confidentialit\u00e9.\r\n\r\nAttention, certaines fonctionnalit\u00e9s du site peuvent ne plus fonctionner.\r\n\r\nLa configuration de chaque navigateur est diff\u00e9rente. Elle est d\u00e9crite dans le menu d\u2019aide de votre navigateur, qui vous permettra de savoir de quelle mani\u00e8re modifier vos souhaits en mati\u00e8re de cookies.\r\n\r\n<u><b>Modification gr\u00e2ce au bandeau de gestion des cookies<\/b><\/u>\r\n\r\nLUMIBIRD MEDICAL a mis en place un bandeau de gestion des cookies conforme aux nouvelles recommandations de la CNIL. Ainsi, vous avez la possibilit\u00e9 d\u2019accepter, de personnaliser ou de refuser les cookies directement depuis notre site en exprimant votre choix \u00e0 l\u2019aide du bandeau qui appara\u00eet en bas de votre \u00e9cran.\r\n<h2>MISE A JOUR DE LA POLITIQUE DES COOKIES<\/h2>\r\nLa pr\u00e9sente politique des cookies peut \u00eatre amen\u00e9e \u00e0 \u00e9voluer.\r\n\r\nLa derni\u00e8re mise \u00e0 jour a \u00e9t\u00e9 effectu\u00e9 le 17\/04\/2023.\t\t\t\t\t\t\t\t<\/div>\n\t\t\t\t<\/div>\n\t\t\t\t\t<\/div>\n\t\t<\/div>\n\t\t\t\t\t<\/div>\n\t\t<\/section>\n\t\t\t\t<\/div>\n\t\t","protected":false},"excerpt":{"rendered":"<p>Interventional Imaging Certaines fonctionnalit\u00e9s de ce site reposent sur l\u2019usage de cookies. Le bandeau cookies ne s\u2019affiche pas sur la page d\u2019accueil lors de votre navigation car seuls des cookies n\u00e9cessaires au fonctionnement du site sont d\u00e9pos\u00e9s (vous pouvez cependant vous y opposer en cliquant sur la case ci-dessous). AVANT PROPOS La pr\u00e9sente politique des [&hellip;]<\/p>\n","protected":false},"author":1,"featured_media":0,"parent":0,"menu_order":23,"comment_status":"closed","ping_status":"closed","template":"","meta":{"footnotes":""},"class_list":["post-2817","page","type-page","status-publish","hentry"],"_links":{"self":[{"href":"https:\/\/interventional-imaging.lumibirdmedical.com\/fr\/wp-json\/wp\/v2\/pages\/2817","targetHints":{"allow":["GET"]}}],"collection":[{"href":"https:\/\/interventional-imaging.lumibirdmedical.com\/fr\/wp-json\/wp\/v2\/pages"}],"about":[{"href":"https:\/\/interventional-imaging.lumibirdmedical.com\/fr\/wp-json\/wp\/v2\/types\/page"}],"author":[{"embeddable":true,"href":"https:\/\/interventional-imaging.lumibirdmedical.com\/fr\/wp-json\/wp\/v2\/users\/1"}],"replies":[{"embeddable":true,"href":"https:\/\/interventional-imaging.lumibirdmedical.com\/fr\/wp-json\/wp\/v2\/comments?post=2817"}],"version-history":[{"count":2,"href":"https:\/\/interventional-imaging.lumibirdmedical.com\/fr\/wp-json\/wp\/v2\/pages\/2817\/revisions"}],"predecessor-version":[{"id":3589,"href":"https:\/\/interventional-imaging.lumibirdmedical.com\/fr\/wp-json\/wp\/v2\/pages\/2817\/revisions\/3589"}],"wp:attachment":[{"href":"https:\/\/interventional-imaging.lumibirdmedical.com\/fr\/wp-json\/wp\/v2\/media?parent=2817"}],"curies":[{"name":"wp","href":"https:\/\/api.w.org\/{rel}","templated":true}]}}