{"id":2814,"date":"2023-05-12T16:26:38","date_gmt":"2023-05-12T16:26:38","guid":{"rendered":"https:\/\/imagerie.estnotremeilleurclient.fr\/mentions-legales\/"},"modified":"2023-08-01T10:26:48","modified_gmt":"2023-08-01T10:26:48","slug":"mentions-legales","status":"publish","type":"page","link":"https:\/\/interventional-imaging.lumibirdmedical.com\/fr\/mentions-legales\/","title":{"rendered":"Mentions l\u00e9gales"},"content":{"rendered":"\t\t<div data-elementor-type=\"wp-page\" data-elementor-id=\"2814\" class=\"elementor elementor-2814 elementor-358\" data-elementor-post-type=\"page\">\n\t\t\t\t\t\t<section class=\"elementor-section elementor-top-section elementor-element elementor-element-992bf76 elementor-section-boxed elementor-section-height-default elementor-section-height-default\" data-id=\"992bf76\" data-element_type=\"section\" data-e-type=\"section\" data-settings=\"{&quot;jet_parallax_layout_list&quot;:[],&quot;background_background&quot;:&quot;classic&quot;}\">\n\t\t\t\t\t\t<div class=\"elementor-container elementor-column-gap-default\">\n\t\t\t\t\t<div class=\"elementor-column elementor-col-100 elementor-top-column elementor-element elementor-element-6fb5283\" data-id=\"6fb5283\" data-element_type=\"column\" data-e-type=\"column\">\n\t\t\t<div class=\"elementor-widget-wrap elementor-element-populated\">\n\t\t\t\t\t\t<div class=\"elementor-element elementor-element-8908e2f elementor-widget elementor-widget-breadcrumbs\" data-id=\"8908e2f\" data-element_type=\"widget\" data-e-type=\"widget\" data-widget_type=\"breadcrumbs.default\">\n\t\t\t\t<div class=\"elementor-widget-container\">\n\t\t\t\t\t<nav aria-label=\"breadcrumbs\" class=\"rank-math-breadcrumb\"><p><span class=\"last\">Imagerie Interventionnelle<\/span><\/p><\/nav>\t\t\t\t<\/div>\n\t\t\t\t<\/div>\n\t\t\t\t<div class=\"elementor-element elementor-element-68c93d1 elementor-widget elementor-widget-heading\" data-id=\"68c93d1\" data-element_type=\"widget\" data-e-type=\"widget\" data-widget_type=\"heading.default\">\n\t\t\t\t<div class=\"elementor-widget-container\">\n\t\t\t\t\t<h2 class=\"elementor-heading-title elementor-size-default\">Mentions l\u00e9gales<\/h2>\t\t\t\t<\/div>\n\t\t\t\t<\/div>\n\t\t\t\t\t<\/div>\n\t\t<\/div>\n\t\t\t\t\t<\/div>\n\t\t<\/section>\n\t\t\t\t<section class=\"elementor-section elementor-top-section elementor-element elementor-element-354a7b8 elementor-section-boxed elementor-section-height-default elementor-section-height-default\" data-id=\"354a7b8\" data-element_type=\"section\" data-e-type=\"section\" data-settings=\"{&quot;jet_parallax_layout_list&quot;:[]}\">\n\t\t\t\t\t\t<div class=\"elementor-container elementor-column-gap-default\">\n\t\t\t\t\t<div class=\"elementor-column elementor-col-100 elementor-top-column elementor-element elementor-element-9eaec76\" data-id=\"9eaec76\" data-element_type=\"column\" data-e-type=\"column\">\n\t\t\t<div class=\"elementor-widget-wrap elementor-element-populated\">\n\t\t\t\t\t\t<div class=\"elementor-element elementor-element-d4e5fcf elementor-widget elementor-widget-text-editor\" data-id=\"d4e5fcf\" data-element_type=\"widget\" data-e-type=\"widget\" data-widget_type=\"text-editor.default\">\n\t\t\t\t<div class=\"elementor-widget-container\">\n\t\t\t\t\t\t\t\t\t<section class=\"elementor-section elementor-top-section elementor-element elementor-element-9da415c elementor-section-boxed elementor-section-height-default elementor-section-height-default\" data-id=\"9da415c\" data-element_type=\"section\" data-settings=\"{&quot;jet_parallax_layout_list&quot;:[]}\">\n<div class=\"elementor-container elementor-column-gap-default\">\n<div class=\"elementor-column elementor-col-100 elementor-top-column elementor-element elementor-element-4c90dc0\" data-id=\"4c90dc0\" data-element_type=\"column\">\n<div class=\"elementor-widget-wrap elementor-element-populated\">\n<div class=\"elementor-element elementor-element-dd3b8a3 elementor-widget elementor-widget-heading\" data-id=\"dd3b8a3\" data-element_type=\"widget\" data-widget_type=\"heading.default\">\n<div class=\"elementor-widget-container\">\n<h1 class=\"elementor-heading-title elementor-size-default\">MENTIONS L\u00c9GALES<\/h1>\n<\/div>\n<\/div>\n<\/div>\n<\/div>\n<\/div>\n<\/section>\n<section class=\"elementor-section elementor-top-section elementor-element elementor-element-2cb39f6 elementor-section-boxed elementor-section-height-default elementor-section-height-default\" data-id=\"2cb39f6\" data-element_type=\"section\" data-settings=\"{&quot;jet_parallax_layout_list&quot;:[]}\">\n<div class=\"elementor-container elementor-column-gap-default\">\n<div class=\"elementor-column elementor-col-100 elementor-top-column elementor-element elementor-element-31dcf9c\" data-id=\"31dcf9c\" data-element_type=\"column\">\n<div class=\"elementor-widget-wrap elementor-element-populated\">\n<div class=\"elementor-element elementor-element-a021e7c elementor-widget elementor-widget-text-editor\" data-id=\"a021e7c\" data-element_type=\"widget\" data-widget_type=\"text-editor.default\">\n<div class=\"elementor-widget-container\">\n<p><a href=\"https:\/\/interventional-imaging.lumibirdmedical.com\/\">interventional-imaging.lumibirdmedical.com<\/a>\u00a0est le site institutionnel de Lumibird Medical France, dont le si\u00e8ge social est situ\u00e9 :<\/p>\n<p>1\u00a0rue du Bois Joli \u2013 CS 40015<br \/>\n63808 COURNON D\u2019AUVERGNE CEDEX France<br \/>\nTel: +33 (0)4 73 745 745 \u2013 Fax: +33 (0)4 73 745 700<\/p>\n<table border=\"0\" cellspacing=\"1\" cellpadding=\"1\" align=\"left\">\n<tbody>\n<tr>\n<td><strong>Capital social :<\/strong><\/td>\n<td>4 949 917\u00a0\u20ac<\/td>\n<\/tr>\n<tr>\n<td><strong>SIREN :<\/strong><\/td>\n<td>393 827 720<\/td>\n<\/tr>\n<tr>\n<td><strong>TVA intracommunautaire\u00a0<\/strong><strong>: \u00a0\u00a0\u00a0\u00a0\u00a0\u00a0\u00a0\u00a0\u00a0\u00a0\u00a0\u00a0<\/strong><\/td>\n<td>FR 86 393 827 720<\/td>\n<\/tr>\n<tr>\n<td><b>APE :<\/b><\/td>\n<td>2660 Z<\/td>\n<\/tr>\n<\/tbody>\n<\/table>\n<p>Le Directeur de Publication de ce site web est Jean-Marc GENDRE.<br \/>\nLe webmastering du site est assur\u00e9 par la soci\u00e9t\u00e9\u00a0<a href=\"https:\/\/s-krea.fr\/\" target=\"_blank\" rel=\"noopener\">S-KR\u00c9A<\/a>.<br \/>\nL\u2019h\u00e9bergeur du site est Blizz, dont le si\u00e8ge social est situ\u00e9 :<\/p>\n<p>8 Rue Georges Besse<br \/>\n63100 Clermont-Ferrand<\/p>\n<h2>PROPRI\u00c9T\u00c9 INTELLECTUELLE<\/h2>\n<p>La pr\u00e9sentation et le contenu du pr\u00e9sent site constituent dans leur int\u00e9gralit\u00e9 une \u0153uvre prot\u00e9g\u00e9e selon les lois fran\u00e7aises et conventions internationales en vigueur sur la propri\u00e9t\u00e9 intellectuelle. Lumibird Medical en est l\u2019auteur \u2013 \u00a9Copyright 2022 Lumibird Medical \u2013 tous droits r\u00e9serv\u00e9s.<\/p>\n<p>Tous les \u00e9l\u00e9ments constitutifs du pr\u00e9sent site notamment : nom de domaine, photographies, logos, dessins, charte graphique et graphiques, textes, r\u00e9sultats statistiques, syst\u00e8me d\u2019accr\u00e9ditation, applications sp\u00e9cifiquement d\u00e9velopp\u00e9es et leurs sources, ainsi que l\u2019ensemble des informations de quelque nature que ce soit et sous quelque format existant ou \u00e0 venir \u2013 pages HTML statiques ou dynamiques, fichiers images, sons vid\u00e9o, 3D etc. sont la propri\u00e9t\u00e9 exclusive de Lumibird Medical.<\/p>\n<p>A ce titre, toute reproduction, repr\u00e9sentation, adaptation ou traduction partielle ou totale des diff\u00e9rents \u00e9l\u00e9ments du site, transfert sur un autre site ou incorporation dans un site tiers de tout ou partie du site, voire exploitation commerciale m\u00eame partielle des donn\u00e9es qui y sont pr\u00e9sent\u00e9es sont prohib\u00e9s constitueraient une contrefa\u00e7on sanctionn\u00e9e par les articles L 335-2 et suivants du Code de la propri\u00e9t\u00e9 intellectuelle.<\/p>\n<p>Les logos ainsi que les marques de produits et\/ou de services r\u00e9f\u00e9renc\u00e9s sur ce site sont d\u00e9pos\u00e9s. En cons\u00e9quence, rien sur ce site ne saurait \u00eatre interpr\u00e9t\u00e9 comme une cession, une licence ou un droit d\u2019usage quelconque sur les marques et\/ou brevets d\u00e9tenus par Lumibird Medical ou tout tiers concern\u00e9.<\/p>\n<p>Cr\u00e9dits Photos :<br \/>\n\u00a9 Adobe Stock| Shutterstock<\/p>\n<h2>LIENS VERS D\u2019AUTRES SITES<\/h2>\n<p>Les marques de l\u2019exploitant du site Internet et de ses partenaires, ainsi que les logos figurant sur le site sont des marques (semi-figuratives ou non) d\u00e9pos\u00e9es. Les liens hypertextes mis en place dans le cadre du site Internet en direction d\u2019autres ressources pr\u00e9sentes sur le r\u00e9seau de l\u2019Internet, et notamment vers ses partenaires ont fait l\u2019objet d\u2019une autorisation pr\u00e9alable expresse et \u00e9crite.<\/p>\n<p>Conform\u00e9ment \u00e0 l\u2019avis sur les droits d\u2019auteur mentionn\u00e9 dans la pr\u00e9sente rubrique, il est interdit \u00e0 tout tiers de mettre en place un lien hypertexte en direction du site www.lumibirdmedical.com sans l\u2019autorisation expresse et pr\u00e9alable de Lumibird Medical.<\/p>\n<h2>D\u00c9CHARGE DE RESPONSABILIT\u00c9<\/h2>\n<p>Lumibird Medical s\u2019est efforc\u00e9 d\u2019assurer l\u2019exactitude de l\u2019ensemble des informations fournies sur son site. La responsabilit\u00e9 de Lumibird Medical ne pourra en aucun cas \u00eatre engag\u00e9e quant \u00e0 d\u2019\u00e9ventuelles erreurs ponctuelles et inopin\u00e9es pouvant survenir sur le site.<\/p>\n<p>Lumibird Medical d\u00e9cline toute responsabilit\u00e9 concernant les informations disponibles sur son site. De plus aucune garantie n\u2019est donn\u00e9e quant \u00e0 l\u2019exactitude, la pr\u00e9cision ou l\u2019exhaustivit\u00e9 des informations mises \u00e0 disposition sur le site.<\/p>\n<p>Lumibird Medical ne garantit pas le fait que le serveur accueillant le site soit exempt de virus ou qu\u2019il puisse survenir un probl\u00e8me technique qui pourrait endommager les composants de l\u2019ordinateur ou des donn\u00e9es qui pourraient y \u00eatre stock\u00e9es.<\/p>\n<p>En tout \u00e9tat de cause Lumibird Medical ou un de ses sous-traitants ne pourra \u00eatre responsable d\u2019un dommage quelconque pouvant se produire lors de la connexion sur le site.<\/p>\n<p>Les informations figurant sur le site sont publi\u00e9es uniquement \u00e0 titre d\u2019information et ne peuvent se substituer aux conseils d\u2019un ophtalmologiste. Ces informations ne doivent en aucun cas \u00eatre utilis\u00e9es pour \u00e9tablir un diagnostic m\u00e9dical qui ne peut \u00eatre effectu\u00e9 que par un ophtalmologiste lors d\u2019une consultation.<\/p>\n<h2>DONN\u00c9ES PERSONNELLES<\/h2>\n<p>Conform\u00e9ment \u00e0 la Loi n\u00b078-17 du 6 janvier 1978 relative \u00e0 l\u2019informatique, aux fichiers et aux libert\u00e9s ainsi qu\u2019au R\u00e8glement Europ\u00e9en sur la Protection des Donn\u00e9es (R\u00e8glement UE 2016\/679 du 27 avril 2016 \u2013 ci-apr\u00e8s \u00ab RGPD \u00bb applicable depuis le 25 mai 2018, les traitements de donn\u00e9es personnelles par LUMIBIRD MEDICAL sont soumis \u00e0 la\u00a0<a href=\"https:\/\/www.lumibirdmedical.com\/fr\/politique-de-confidentialite\/\">Politique de protection des donn\u00e9es<\/a>, consultable sur le site internet.<\/p>\n<h2>COOKIES<\/h2>\n<p>Un cookie est un petit fichier informatique, un traceur. Il permet d\u2019analyser le comportement des usagers lors de la visite d\u2019un site internet, de l\u2019installation ou utilisation d\u2019un logiciel. Comme la plupart des sites internet, notre site internet utilise des cookies.<br \/>\nTous nos cookies ont une dur\u00e9e de vie de treize (13) mois maximum.<br \/>\nAfin d\u2019en savoir plus sur les cookies, vous pouvez consulter\u00a0la\u00a0<a href=\"https:\/\/www.lumibirdmedical.com\/fr\/politique-des-cookies\/\">politique des cookies<\/a>\u00a0que nous avons mis en place au sein de LUMIBIRD MEDICAL.<\/p>\n<h2>CREDITS<\/h2>\n<ul>\n<li>Adobe Stock<\/li>\n<li>Shutterstock<\/li>\n<\/ul>\n<h2>MAINTENANCE<\/h2>\n<p>Pour des raisons de maintenance, LUMIBIRD\u00a0 MEDICAL pourra interrompre l\u2019acc\u00e8s \u00e0 son site et s\u2019efforcera d\u2019en avertir pr\u00e9alablement les utilisateurs.<\/p>\n<h2>MISE A JOUR DES MENTIONS LEGALES<\/h2>\n<div class=\"container\">\n<div class=\"row mt-5\">\n<div class=\"col-12\">\n<div class=\"mb-3 block-strategy-area\">\n<p>LUMIBIRD MEDICAL se r\u00e9serve le droit de modifier ou d\u2019actualiser cette notice d\u2019information \u00e0 tout moment et sans pr\u00e9avis. Derni\u00e8re mise \u00e0 jour de ces mentions l\u00e9gales : 01\/08\/2023.<\/p>\n<\/div>\n<\/div>\n<\/div>\n<\/div>\n<\/div>\n<\/div>\n<\/div>\n<\/div>\n<\/div>\n<\/section>\n\t\t\t\t\t\t\t\t<\/div>\n\t\t\t\t<\/div>\n\t\t\t\t\t<\/div>\n\t\t<\/div>\n\t\t\t\t\t<\/div>\n\t\t<\/section>\n\t\t\t\t<\/div>\n\t\t","protected":false},"excerpt":{"rendered":"<p>Interventional Imaging MENTIONS L\u00c9GALES interventional-imaging.lumibirdmedical.com\u00a0est le site institutionnel de Lumibird Medical France, dont le si\u00e8ge social est situ\u00e9 : 1\u00a0rue du Bois Joli \u2013 CS 40015 63808 COURNON D\u2019AUVERGNE CEDEX France Tel: +33 (0)4 73 745 745 \u2013 Fax: +33 (0)4 73 745 700 Capital social : 4 949 917\u00a0\u20ac SIREN : 393 827 720 [&hellip;]<\/p>\n","protected":false},"author":2,"featured_media":0,"parent":0,"menu_order":21,"comment_status":"closed","ping_status":"closed","template":"","meta":{"footnotes":""},"class_list":["post-2814","page","type-page","status-publish","hentry"],"_links":{"self":[{"href":"https:\/\/interventional-imaging.lumibirdmedical.com\/fr\/wp-json\/wp\/v2\/pages\/2814","targetHints":{"allow":["GET"]}}],"collection":[{"href":"https:\/\/interventional-imaging.lumibirdmedical.com\/fr\/wp-json\/wp\/v2\/pages"}],"about":[{"href":"https:\/\/interventional-imaging.lumibirdmedical.com\/fr\/wp-json\/wp\/v2\/types\/page"}],"author":[{"embeddable":true,"href":"https:\/\/interventional-imaging.lumibirdmedical.com\/fr\/wp-json\/wp\/v2\/users\/2"}],"replies":[{"embeddable":true,"href":"https:\/\/interventional-imaging.lumibirdmedical.com\/fr\/wp-json\/wp\/v2\/comments?post=2814"}],"version-history":[{"count":9,"href":"https:\/\/interventional-imaging.lumibirdmedical.com\/fr\/wp-json\/wp\/v2\/pages\/2814\/revisions"}],"predecessor-version":[{"id":3189,"href":"https:\/\/interventional-imaging.lumibirdmedical.com\/fr\/wp-json\/wp\/v2\/pages\/2814\/revisions\/3189"}],"wp:attachment":[{"href":"https:\/\/interventional-imaging.lumibirdmedical.com\/fr\/wp-json\/wp\/v2\/media?parent=2814"}],"curies":[{"name":"wp","href":"https:\/\/api.w.org\/{rel}","templated":true}]}}